{"id":3056,"date":"2021-04-16T11:07:11","date_gmt":"2021-04-16T11:07:11","guid":{"rendered":"http:\/\/hotelvictoria.cat\/politica-de-cookies\/"},"modified":"2021-04-19T09:21:26","modified_gmt":"2021-04-19T09:21:26","slug":"politica-de-cookies","status":"publish","type":"page","link":"https:\/\/www.hotelvictoria.cat\/ca\/politica-de-cookies\/","title":{"rendered":"Pol\u00edtica de Cookies"},"content":{"rendered":"<p>HOTEL VICTORIA, S.L., titular de este Sitio Web www.hotelvictoria.cat, utiliza cookies propias y de terceros para distintas finalidades. HOTEL VICTORIA, S.L. recurre al uso de cookies a los efectos de cumplir con las exigencias legales previstas en la Ley 34\/2002, de 11 de julio, de servicios de la sociedad de la informaci\u00f3n y de comercio electr\u00f3nico.<\/p>\n<p>La presente Pol\u00edtica de Cookies tiene por objeto informarle de manera clara y precisa sobre las cookies que utilizamos, la informaci\u00f3n que recopilamos a trav\u00e9s de estas y para qu\u00e9 finalidades se utiliza dicha informaci\u00f3n.<\/p>\n<p>Para obtener m\u00e1s informaci\u00f3n sobre c\u00f3mo utilizamos, almacenamos y mantenemos seguros sus datos personales, consulte nuestra Pol\u00edtica de privacidad.<\/p>\n<p>&nbsp;<\/p>\n<h5><strong><u>1.- \u00bfQU\u00c9 SON LAS COOKIES Y CU\u00c1L ES SU FINALIDAD?<\/u><\/strong><\/h5>\n<p>&nbsp;<\/p>\n<p>Una &#8220;cookie&#8221; es un archivo que se almacena en el ordenador, tablet, smartphone o cualquier otro dispositivo del usuario, con la finalidad de recabar y almacenar informaci\u00f3n acerca del uso, por parte de este \u00faltimo, del Sitio Web (art\u00edculo 22.2 LSSI).<\/p>\n<p>&nbsp;<\/p>\n<h5><strong><u>2.- \u00bfQU\u00c9 TIPO DE COOKIES EXISTEN?<\/u><\/strong><\/h5>\n<p>&nbsp;<\/p>\n<p>A continuaci\u00f3n, se expone una clasificaci\u00f3n de las cookies que existen y pueden llegar a ser utilizadas en nuestro Sitio Web, teniendo en cuenta que una misma cookie puede estar incluida en m\u00e1s de una categor\u00eda.<\/p>\n<ul>\n<li>Seg\u00fan la <strong>entidad que las gestiona<\/strong><\/li>\n<li><u>Cookies propias<\/u>: aquellas que se env\u00edan a su equipo desde nuestros propios equipos o dominios y desde el que prestamos el servicio que nos solicita.<\/li>\n<li><u>Cookies de terceros<\/u>: aquellas que se env\u00edan a su equipo desde un equipo o dominio que no es gestionado por nosotros, sino por otra entidad colaboradora.<\/li>\n<li>Seg\u00fan el <strong>plazo de tiempo que permanecen activas<\/strong><\/li>\n<li><u>Cookies de sesi\u00f3n:<\/u> cookies temporales dise\u00f1adas para recabar y almacenar datos mientras accede a nuestro Sitio Web, desapareciendo la informaci\u00f3n una vez se cierra la sesi\u00f3n (por lo que ning\u00fan dato queda almacenado en el terminal).<\/li>\n<li><u>Cookies persistentes:<\/u> los datos se almacenan en el terminal y pueden ser accedidos y tratados durante un periodo de tiempo determinado.<\/li>\n<li>Seg\u00fan la <strong>finalidad<\/strong><\/li>\n<li><u>Cookies t\u00e9cnicas:<\/u> aquellas que permiten la navegaci\u00f3n a trav\u00e9s del Sitio Web, incluyendo aquellas utilizadas para la gesti\u00f3n del Sitio Web y la habilitaci\u00f3n de sus funciones y servicios (p. ej.: controlar el tr\u00e1fico y la comunicaci\u00f3n de datos, identificar la sesi\u00f3n, acceder a partes de acceso restringido, recordar los elementos que integran un pedido, realizar el proceso de compra de un pedido, gestionar el pago, etc.).<\/li>\n<\/ul>\n<ul>\n<li><u>Cookies de personalizaci\u00f3n:<\/u> aquellas que permiten recordar informaci\u00f3n para que pueda acceder al Sitio Web con determinadas caracter\u00edsticas que pueden diferenciar su experiencia de la de otros usuarios (p.ej.: el idioma, el n\u00famero de resultados a mostrar cuando el usuario realiza una b\u00fasqueda, el aspecto o contenido del servicio en funci\u00f3n del tipo de navegador a trav\u00e9s del cual el usuario accede al servicio o de la regi\u00f3n desde la que accede al servicio, etc.).<\/li>\n<\/ul>\n<ul>\n<li><u>Cookies de an\u00e1lisis o medici\u00f3n:<\/u> aquellas que permiten al responsable de las mismas el seguimiento y an\u00e1lisis del comportamiento de los usuarios, incluida la cuantificaci\u00f3n de los impactos de los anuncios. La informaci\u00f3n recogida mediante este tipo de cookies se utiliza en la medici\u00f3n de la actividad del Sitio Web con el fin de introducir mejoras en funci\u00f3n del an\u00e1lisis de los datos de uso que hacen los usuarios.<\/li>\n<\/ul>\n<ul>\n<li><u>Cookies de publicidad comportamental:<\/u> aquellas que almacenan informaci\u00f3n del comportamiento de los usuarios obtenida a trav\u00e9s de la observaci\u00f3n continuada de sus h\u00e1bitos de navegaci\u00f3n, lo que permite desarrollar un perfil espec\u00edfico para mostrar publicidad en funci\u00f3n del mismo.<\/li>\n<\/ul>\n<p>&nbsp;<\/p>\n<h5><strong><u>3.- \u00bfQU\u00c9 COOKIES UTILIZAMOS EN NUESTRO SITIO WEB?<\/u><\/strong><\/h5>\n<p>&nbsp;<\/p>\n<p>HOTEL VICTORIA, S.L. utiliza las siguientes cookies:<\/p>\n<table width=\"0\">\n<tbody>\n<tr>\n<td width=\"76\"><strong>Tipo de COOKIE<\/strong><\/td>\n<td width=\"116\"><strong>\u00a0<\/strong><\/p>\n<p><strong>NOMBRE DE COOKIE<\/strong><\/p>\n<p><strong>\u00a0<\/strong><\/td>\n<td width=\"104\"><strong>\u00a0<\/strong><\/p>\n<p><strong>DESCRIPCI\u00d3N<\/strong><\/p>\n<p><strong>\u00a0<\/strong><\/td>\n<td width=\"100\"><strong>PROPIEDAD<\/strong><\/td>\n<td width=\"87\"><strong>\u00a0<\/strong><\/p>\n<p><strong>CADUCIDAD<\/strong><\/p>\n<p><strong>\u00a0<\/strong><\/td>\n<td width=\"168\"><strong>TRANSFERENCIA INTERNACIONAL<\/strong><\/td>\n<\/tr>\n<tr>\n<td width=\"76\">t\u00e9cnicas<\/td>\n<td width=\"116\">_ga<\/p>\n<p>&nbsp;<\/td>\n<td width=\"104\">Se usa para distinguir a los usuarios.<\/td>\n<td width=\"100\">Propia\/terceros<\/td>\n<td width=\"87\">2 a\u00f1os<\/td>\n<td width=\"168\">no<\/td>\n<\/tr>\n<\/tbody>\n<\/table>\n<p>&nbsp;<\/p>\n<h5><strong><u>4.- \u00bfDURANTE CU\u00c1NTO TIEMPO CONSERVAREMOS LA INFORMACI\u00d3N?<\/u><\/strong><\/h5>\n<p>&nbsp;<\/p>\n<p>En cumplimiento del art. 13.2 del Reglamento (UE) 2016\/679, mantendremos la informaci\u00f3n recabada a trav\u00e9s de las cookies durante el tiempo imprescindible para cumplir con las finalidades indicadas en cada cookie.<\/p>\n<p>En relaci\u00f3n con las cookies de terceros, los plazos de conservaci\u00f3n podr\u00e1n ser consultados en sus respectivas Pol\u00edticas de Privacidad y de Cookies que constan en la tabla anterior.<\/p>\n<p>&nbsp;<\/p>\n<h5><strong><u>5.- \u00bfC\u00d3MO CONFIGURAR O DESHABILITAR LAS COOKIES?<\/u><\/strong><\/h5>\n<p>&nbsp;<\/p>\n<p>La legitimaci\u00f3n de HOTEL VICTORIA, S.L. para el uso de cookies est\u00e1 basada en el consentimiento expreso que se le solicita, conforme al art\u00edculo 6.1.a) del Reglamento (UE) 2016\/679.<\/p>\n<p>El consentimiento que nos ha prestado es aplicable a las cookies del presente Sitio Web www.hotelvictoria.cat y de los sitios web de los terceros con los que colaboramos, especificados en el apartado <em>\u201c\u00bf<\/em><em>qu\u00e9 cookies utilizamos en nuestro sitio web?\u201d<\/em> de la presente Pol\u00edtica.<\/p>\n<p>Recuerde que en cualquier momento puede modificar o retirar su consentimiento a trav\u00e9s del banner situado en la parte inferior de nuestro Sitio Web (Gestiona tu consentimiento).<\/p>\n<p>Puede restringir, bloquear o borrar las cookies instaladas en su equipo mediante la configuraci\u00f3n de las opciones de su navegador de Internet:<\/p>\n<ul>\n<li>Google Chrome: <a href=\"https:\/\/support.google.com\/accounts\/answer\/61416?co=GENIE.Platform=Desktop&amp;hl=es\" target=\"_blank\" rel=\"noopener noreferrer\">https:\/\/support.google.com\/accounts\/answer\/61416?co=GENIE.Platform=Desktop&amp;hl=es#<\/a><\/li>\n<li>Mozilla Firefox: <a href=\"https:\/\/support.mozilla.org\/es\/kb\/habilitar-y-deshabilitar-cookies-sitios-web-rastrear-preferencias\" target=\"_blank\" rel=\"noopener noreferrer\">https:\/\/support.mozilla.org\/es\/kb\/habilitar-y-deshabilitar-cookies-sitios-web-rastrear-preferencias<\/a><\/li>\n<li>Internet Explorer: <a href=\"https:\/\/support.microsoft.com\/es-es\/topic\/eliminar-y-administrar-cookies-168dab11-0753-043d-7c16-ede5947fc64d\" target=\"_blank\" rel=\"noopener noreferrer\">https:\/\/support.microsoft.com\/es-es\/topic\/eliminar-y-administrar-cookies-168dab11-0753-043d-7c16-ede5947fc64d<\/a><\/li>\n<li>Safari: <a href=\"https:\/\/support.apple.com\/es-es\/guide\/safari\/sfri11471\/mac\" target=\"_blank\" rel=\"noopener noreferrer\">https:\/\/support.apple.com\/es-es\/guide\/safari\/sfri11471\/mac<\/a><\/li>\n<\/ul>\n<p>La presente Pol\u00edtica de Cookies (revisada en el mes de noviembre de 2020 a fin de adaptarla a la Gu\u00eda de Cookies de la AEPD), ser\u00e1 objeto de modificaci\u00f3n siempre que resulte necesario a fin de adaptarla a la actualidad legislativa de cada momento o a cualquier variaci\u00f3n en el tipo de cookies utilizadas en el Sitio Web. Por ello, le recomendamos revisar la presente Pol\u00edtica cada vez que acceda a nuestro Sitio Web con el objetivo de mantenerse informado sobre c\u00f3mo y para qu\u00e9 usamos las cookies.<\/p>\n","protected":false},"excerpt":{"rendered":"<p>HOTEL VICTORIA, S.L., titular de este Sitio Web www.hotelvictoria.cat, utiliza cookies propias y de terceros para distintas finalidades. HOTEL VICTORIA, S.L. recurre al uso de cookies a los efectos de cumplir con las exigencias legales previstas en la Ley 34\/2002, de 11 de julio, de servicios de la sociedad de la informaci\u00f3n y de comercio &hellip; <\/p>\n<p class=\"link-more\"><a href=\"https:\/\/www.hotelvictoria.cat\/ca\/politica-de-cookies\/\" class=\"more-link\"><span class=\"screen-reader-text\"> prova &#8220;Pol\u00edtica de Cookies&#8221;<\/span><\/a><\/p>\n","protected":false},"author":2,"featured_media":0,"parent":0,"menu_order":0,"comment_status":"closed","ping_status":"closed","template":"","meta":{"footnotes":""},"yoast_head":"<!-- This site is optimized with the Yoast SEO plugin v21.2 - https:\/\/yoast.com\/wordpress\/plugins\/seo\/ -->\n<title>Pol\u00edtica de Cookies - Hotel Victoria<\/title>\n<meta name=\"robots\" content=\"index, follow, max-snippet:-1, max-image-preview:large, max-video-preview:-1\" \/>\n<link rel=\"canonical\" href=\"https:\/\/www.hotelvictoria.cat\/ca\/politica-de-cookies\/\" \/>\n<meta property=\"og:locale\" content=\"ca_ES\" \/>\n<meta property=\"og:type\" content=\"article\" \/>\n<meta property=\"og:title\" content=\"Pol\u00edtica de Cookies - Hotel Victoria\" \/>\n<meta property=\"og:description\" content=\"HOTEL VICTORIA, S.L., titular de este Sitio Web www.hotelvictoria.cat, utiliza cookies propias y de terceros para distintas finalidades. HOTEL VICTORIA, S.L. recurre al uso de cookies a los efectos de cumplir con las exigencias legales previstas en la Ley 34\/2002, de 11 de julio, de servicios de la sociedad de la informaci\u00f3n y de comercio &hellip; prova &quot;Pol\u00edtica de Cookies&quot;\" \/>\n<meta property=\"og:url\" content=\"https:\/\/www.hotelvictoria.cat\/ca\/politica-de-cookies\/\" \/>\n<meta property=\"og:site_name\" content=\"Hotel Victoria\" \/>\n<meta property=\"article:modified_time\" content=\"2021-04-19T09:21:26+00:00\" \/>\n<meta name=\"twitter:card\" content=\"summary_large_image\" \/>\n<meta name=\"twitter:label1\" content=\"Temps estimat de lectura\" \/>\n\t<meta name=\"twitter:data1\" content=\"5 minuts\" \/>\n<script type=\"application\/ld+json\" class=\"yoast-schema-graph\">{\"@context\":\"https:\/\/schema.org\",\"@graph\":[{\"@type\":\"WebPage\",\"@id\":\"https:\/\/www.hotelvictoria.cat\/ca\/politica-de-cookies\/\",\"url\":\"https:\/\/www.hotelvictoria.cat\/ca\/politica-de-cookies\/\",\"name\":\"Pol\u00edtica de Cookies - Hotel Victoria\",\"isPartOf\":{\"@id\":\"https:\/\/www.hotelvictoria.cat\/ca\/#website\"},\"datePublished\":\"2021-04-16T11:07:11+00:00\",\"dateModified\":\"2021-04-19T09:21:26+00:00\",\"breadcrumb\":{\"@id\":\"https:\/\/www.hotelvictoria.cat\/ca\/politica-de-cookies\/#breadcrumb\"},\"inLanguage\":\"ca\",\"potentialAction\":[{\"@type\":\"ReadAction\",\"target\":[\"https:\/\/www.hotelvictoria.cat\/ca\/politica-de-cookies\/\"]}]},{\"@type\":\"BreadcrumbList\",\"@id\":\"https:\/\/www.hotelvictoria.cat\/ca\/politica-de-cookies\/#breadcrumb\",\"itemListElement\":[{\"@type\":\"ListItem\",\"position\":1,\"name\":\"Portada\",\"item\":\"https:\/\/www.hotelvictoria.cat\/ca\/\"},{\"@type\":\"ListItem\",\"position\":2,\"name\":\"Pol\u00edtica de Cookies\"}]},{\"@type\":\"WebSite\",\"@id\":\"https:\/\/www.hotelvictoria.cat\/ca\/#website\",\"url\":\"https:\/\/www.hotelvictoria.cat\/ca\/\",\"name\":\"Hotel Victoria\",\"description\":\"Hotel Familiar Calafell\",\"publisher\":{\"@id\":\"https:\/\/www.hotelvictoria.cat\/ca\/#organization\"},\"potentialAction\":[{\"@type\":\"SearchAction\",\"target\":{\"@type\":\"EntryPoint\",\"urlTemplate\":\"https:\/\/www.hotelvictoria.cat\/ca\/?s={search_term_string}\"},\"query-input\":\"required name=search_term_string\"}],\"inLanguage\":\"ca\"},{\"@type\":\"Organization\",\"@id\":\"https:\/\/www.hotelvictoria.cat\/ca\/#organization\",\"name\":\"Hotel Victoria\",\"url\":\"https:\/\/www.hotelvictoria.cat\/ca\/\",\"logo\":{\"@type\":\"ImageObject\",\"inLanguage\":\"ca\",\"@id\":\"https:\/\/www.hotelvictoria.cat\/ca\/#\/schema\/logo\/image\/\",\"url\":\"https:\/\/www.hotelvictoria.cat\/wp-content\/uploads\/2019\/02\/logo_hotel_Victoria_color_senbse_fons-petit-1.png\",\"contentUrl\":\"https:\/\/www.hotelvictoria.cat\/wp-content\/uploads\/2019\/02\/logo_hotel_Victoria_color_senbse_fons-petit-1.png\",\"width\":113,\"height\":102,\"caption\":\"Hotel Victoria\"},\"image\":{\"@id\":\"https:\/\/www.hotelvictoria.cat\/ca\/#\/schema\/logo\/image\/\"}}]}<\/script>\n<!-- \/ Yoast SEO plugin. -->","yoast_head_json":{"title":"Pol\u00edtica de Cookies - Hotel Victoria","robots":{"index":"index","follow":"follow","max-snippet":"max-snippet:-1","max-image-preview":"max-image-preview:large","max-video-preview":"max-video-preview:-1"},"canonical":"https:\/\/www.hotelvictoria.cat\/ca\/politica-de-cookies\/","og_locale":"ca_ES","og_type":"article","og_title":"Pol\u00edtica de Cookies - Hotel Victoria","og_description":"HOTEL VICTORIA, S.L., titular de este Sitio Web www.hotelvictoria.cat, utiliza cookies propias y de terceros para distintas finalidades. HOTEL VICTORIA, S.L. recurre al uso de cookies a los efectos de cumplir con las exigencias legales previstas en la Ley 34\/2002, de 11 de julio, de servicios de la sociedad de la informaci\u00f3n y de comercio &hellip; prova \"Pol\u00edtica de Cookies\"","og_url":"https:\/\/www.hotelvictoria.cat\/ca\/politica-de-cookies\/","og_site_name":"Hotel Victoria","article_modified_time":"2021-04-19T09:21:26+00:00","twitter_card":"summary_large_image","twitter_misc":{"Temps estimat de lectura":"5 minuts"},"schema":{"@context":"https:\/\/schema.org","@graph":[{"@type":"WebPage","@id":"https:\/\/www.hotelvictoria.cat\/ca\/politica-de-cookies\/","url":"https:\/\/www.hotelvictoria.cat\/ca\/politica-de-cookies\/","name":"Pol\u00edtica de Cookies - Hotel Victoria","isPartOf":{"@id":"https:\/\/www.hotelvictoria.cat\/ca\/#website"},"datePublished":"2021-04-16T11:07:11+00:00","dateModified":"2021-04-19T09:21:26+00:00","breadcrumb":{"@id":"https:\/\/www.hotelvictoria.cat\/ca\/politica-de-cookies\/#breadcrumb"},"inLanguage":"ca","potentialAction":[{"@type":"ReadAction","target":["https:\/\/www.hotelvictoria.cat\/ca\/politica-de-cookies\/"]}]},{"@type":"BreadcrumbList","@id":"https:\/\/www.hotelvictoria.cat\/ca\/politica-de-cookies\/#breadcrumb","itemListElement":[{"@type":"ListItem","position":1,"name":"Portada","item":"https:\/\/www.hotelvictoria.cat\/ca\/"},{"@type":"ListItem","position":2,"name":"Pol\u00edtica de Cookies"}]},{"@type":"WebSite","@id":"https:\/\/www.hotelvictoria.cat\/ca\/#website","url":"https:\/\/www.hotelvictoria.cat\/ca\/","name":"Hotel Victoria","description":"Hotel Familiar Calafell","publisher":{"@id":"https:\/\/www.hotelvictoria.cat\/ca\/#organization"},"potentialAction":[{"@type":"SearchAction","target":{"@type":"EntryPoint","urlTemplate":"https:\/\/www.hotelvictoria.cat\/ca\/?s={search_term_string}"},"query-input":"required name=search_term_string"}],"inLanguage":"ca"},{"@type":"Organization","@id":"https:\/\/www.hotelvictoria.cat\/ca\/#organization","name":"Hotel Victoria","url":"https:\/\/www.hotelvictoria.cat\/ca\/","logo":{"@type":"ImageObject","inLanguage":"ca","@id":"https:\/\/www.hotelvictoria.cat\/ca\/#\/schema\/logo\/image\/","url":"https:\/\/www.hotelvictoria.cat\/wp-content\/uploads\/2019\/02\/logo_hotel_Victoria_color_senbse_fons-petit-1.png","contentUrl":"https:\/\/www.hotelvictoria.cat\/wp-content\/uploads\/2019\/02\/logo_hotel_Victoria_color_senbse_fons-petit-1.png","width":113,"height":102,"caption":"Hotel Victoria"},"image":{"@id":"https:\/\/www.hotelvictoria.cat\/ca\/#\/schema\/logo\/image\/"}}]}},"_links":{"self":[{"href":"https:\/\/www.hotelvictoria.cat\/ca\/wp-json\/wp\/v2\/pages\/3056"}],"collection":[{"href":"https:\/\/www.hotelvictoria.cat\/ca\/wp-json\/wp\/v2\/pages"}],"about":[{"href":"https:\/\/www.hotelvictoria.cat\/ca\/wp-json\/wp\/v2\/types\/page"}],"author":[{"embeddable":true,"href":"https:\/\/www.hotelvictoria.cat\/ca\/wp-json\/wp\/v2\/users\/2"}],"replies":[{"embeddable":true,"href":"https:\/\/www.hotelvictoria.cat\/ca\/wp-json\/wp\/v2\/comments?post=3056"}],"version-history":[{"count":0,"href":"https:\/\/www.hotelvictoria.cat\/ca\/wp-json\/wp\/v2\/pages\/3056\/revisions"}],"wp:attachment":[{"href":"https:\/\/www.hotelvictoria.cat\/ca\/wp-json\/wp\/v2\/media?parent=3056"}],"curies":[{"name":"wp","href":"https:\/\/api.w.org\/{rel}","templated":true}]}}