{"id":3043,"date":"2021-04-16T10:05:47","date_gmt":"2021-04-16T10:05:47","guid":{"rendered":"http:\/\/hotelvictoria.cat\/aviso-legal-2\/"},"modified":"2021-04-19T15:38:05","modified_gmt":"2021-04-19T15:38:05","slug":"avis-legal-2","status":"publish","type":"page","link":"https:\/\/www.hotelvictoria.cat\/ca\/avis-legal-2\/","title":{"rendered":"Av\u00eds Legal"},"content":{"rendered":"<p>Con la finalidad de dar cumplimiento al art\u00edculo 10 de la Ley 34\/2002 de Servicios de la Sociedad de la Informaci\u00f3n y del Comercio Electr\u00f3nico, informamos a los usuarios de nuestros datos:<\/p>\n<p><strong>Denominaci\u00f3n Social:<\/strong> HOTEL VICTORIA, S.L.<br \/>\n<strong>Domicilio Social:<\/strong> Ctra. Barcelona, 96\/98, 43882 Segur de Calafell (Tarragona)<br \/>\n<strong>N.I.F.:<\/strong> B43100668<br \/>\n<strong>Direcci\u00f3n de correo electr\u00f3nico:<\/strong> info@hotelvictoria.cat<br \/>\n<strong>Tel\u00e9fono: <\/strong>977 162 008<br \/>\n<strong>Sitio Web<\/strong><strong>:<\/strong> www.hotelvictoria.cat<br \/>\n<strong>Inscripci\u00f3n<\/strong><strong> a registros: <\/strong>Registro Mercantil de TARRAGONA. Tomo 876, Folio 171, Hoja T 5541<\/p>\n<p>&nbsp;<\/p>\n<h5><strong><u>1.- OBJETO<\/u><\/strong><\/h5>\n<p>&nbsp;<\/p>\n<p>El presente Aviso Legal tiene como objetivo informar a todos los usuarios sobre la configuraci\u00f3n y condiciones de uso del Sitio Web (www.hotelvictoria.cat) de HOTEL VICTORIA, S.L. (en adelante, \u201cHOTEL VICTORIA, S.L.\u201d). De este modo, HOTEL VICTORIA, S.L. cumple con las obligaciones previstas en la Ley 34\/2002, de Servicios de la Sociedad de la Informaci\u00f3n y del Comercio Electr\u00f3nico (LSSICE).<\/p>\n<p>A trav\u00e9s de nuestro Sitio Web ponemos a disposici\u00f3n de los usuarios toda la informaci\u00f3n necesaria para que conozcan los productos y servicios que ofrecemos<\/p>\n<p>El presente Aviso Legal est\u00e1 sujeto a revisi\u00f3n continua por parte de HOTEL VICTORIA, S.L., modific\u00e1ndose siempre que resulte necesario a fin de adaptarlo a la actualidad legislativa de cada momento o a cualquier variaci\u00f3n en nuestro Sitio Web. Por ello, le recomendamos revisar peri\u00f3dicamente este documento para mantenerse informado sobre cualquier novedad relacionada con la configuraci\u00f3n y uso del Sitio Web.<\/p>\n<p>&nbsp;<\/p>\n<h5><strong><u>2.- ACEPTACI\u00d3N DEL USUARIO<\/u><\/strong><\/h5>\n<p>&nbsp;<\/p>\n<p>El acceso y uso de nuestro Sitio Web le atribuye la condici\u00f3n de \u201cusuario\u201d. Desde dicho acceso y\/o uso, se considera que el usuario acepta de forma absoluta y sin reservas las normas y condiciones de uso previstas en el presente Aviso Legal. Si el usuario decide no aceptar cualquiera de las referidas normas o condiciones, o manifiesta alg\u00fan tipo de reserva, debe abstenerse de acceder y\/o utilizar nuestro Sitio Web.<\/p>\n<p>&nbsp;<\/p>\n<h5><strong><u>3.- CONDICIONES DE ACCESO Y USO DEL SITIO WEB<\/u><\/strong><\/h5>\n<p>&nbsp;<\/p>\n<h5>3.1.- <u>Car\u00e1cter gratuito de acceso al Sitio Web<\/u><\/h5>\n<p>&nbsp;<\/p>\n<p>El acceso y uso del Sitio Web de HOTEL VICTORIA, S.L. tiene car\u00e1cter gratuito para todos los usuarios. En caso de que los productos y servicios ofrecidos a trav\u00e9s del Sitio Web estuviesen sometidos al pago de alg\u00fan precio, los usuarios ser\u00e1n previa y debidamente informados a trav\u00e9s del Sitio Web para su aceptaci\u00f3n en los t\u00e9rminos econ\u00f3micos que correspondan en cada momento.<\/p>\n<p>&nbsp;<\/p>\n<h5>3.2.- <u>Obligaci\u00f3n de hacer un uso correcto del Sitio Web<\/u><\/h5>\n<p>&nbsp;<\/p>\n<p>El usuario se compromete a utilizar el Sitio Web con arreglo a las disposiciones del presente Aviso Legal y condiciones de uso, debiendo abstenerse de realizar las siguientes acciones:<\/p>\n<ul>\n<li>llevar a cabo actividades contrarias a la Ley vigente, moral, a las buenas costumbres o al orden p\u00fablico establecido, o con fines il\u00edcitos, prohibidos o lesivos de derechos e intereses de HOTEL VICTORIA, S.L. o de terceros (en especial, derechos de propiedad intelectual, industrial o an\u00e1logos).<\/li>\n<li>utilizar el Sitio Web o parte del mismo en otros sitios web privados o comerciales, as\u00ed como establecer hiperenlaces o hiperv\u00ednculos al Sitio Web o a alguno de sus contenidos (salvo autorizaci\u00f3n expresa y por escrito de HOTEL VICTORIA, S.L.).<\/li>\n<li>falsear la identidad del usuario o suplantar la de un tercero, as\u00ed como facilitar datos falsos en la cumplimentaci\u00f3n de formularios y otros documentos de an\u00e1loga naturaleza. Ser\u00e1 responsabilidad del usuario mantener toda la informaci\u00f3n facilitada a HOTEL VICTORIA, S.L. permanentemente actualizada, siendo adem\u00e1s el \u00fanico responsable de las manifestaciones falsas o inexactas que realice y de los prejuicios que pudiese causar a HOTEL VICTORIA, S.L. o a terceros por ello.<\/li>\n<li>utilizar c\u00f3digos maliciosos o programas inform\u00e1ticos que puedan interrumpir, obstaculizar, inutilizar o directamente da\u00f1ar el Sitio Web, sus contenidos o servicios y los equipos, sistemas y redes que les dan soporte.<\/li>\n<\/ul>\n<p>Los contenidos y servicios ofrecidos a trav\u00e9s del Sitio Web est\u00e1n destinados para ser utilizados por personas mayores de edad. \u00danicamente se permite el acceso y uso del Sitio Web por parte de menores de edad si estos \u00faltimos cuentan con la autorizaci\u00f3n previa de sus padres, tutores o representantes legales, quienes ser\u00e1n responsables de todos los actos realizados a trav\u00e9s del Sitio Web por los menores a su cargo.<\/p>\n<p>HOTEL VICTORIA, S.L. se reserva el derecho a denegar discrecionalmente a cualquier usuario el acceso al Sitio Web, sus contenido y servicios, si existen indicios de que los ha utilizado o los utilizar\u00e1 infringiendo las disposiciones del presente Aviso Legal y condiciones de uso. HOTEL VICTORIA, S.L. conservar\u00e1 todos los dem\u00e1s derechos adicionales que pudieran corresponderle frente al usuario, en especial los referentes al inicio de procedimientos judiciales penales o civiles.<\/p>\n<p>&nbsp;<\/p>\n<h5><strong><u>4.- RESPONSABILIDADADES<\/u><\/strong><\/h5>\n<p>&nbsp;<\/p>\n<p>El usuario utiliza el Sitio Web por su propia cuenta y riesgo. Mediante su acceso, el usuario se obliga a utilizar el Sitio Web conforme a la Ley y las disposiciones del presente Aviso Legal, respondiendo frente a HOTEL VICTORIA, S.L. y frente a terceros de cualquier da\u00f1o o perjuicio que pudiera causarse como consecuencia del incumplimiento de dicha obligaci\u00f3n.<\/p>\n<p>HOTEL VICTORIA, S.L. proporciona a sus usuarios el acceso al presente Sitio Web, sus contenidos y servicios con un nivel de competencia y diligencia razonable. En este sentido, el presente Sitio Web ha sido revisado y probado para que funcione correctamente los 365 d\u00edas del a\u00f1o, 24 horas al d\u00eda. Adem\u00e1s, el Sitio Web utiliza cookies para llevar a cabo determinadas funciones que son consideradas imprescindibles para su correcto funcionamiento y visualizaci\u00f3n. Para obtener m\u00e1s informaci\u00f3n sobre las cookies que gestiona HOTEL VICTORIA, S.L., el usuario puede acceder a nuestra Pol\u00edtica de Cookies.<\/p>\n<p>No obstante, HOTEL VICTORIA, S.L. no puede ofrecer garant\u00edas ni hacerse responsable de los da\u00f1os y perjuicios de cualquier naturaleza que pudieran derivarse de:<\/p>\n<ul>\n<li>la falta de disponibilidad o efectivo funcionamiento del Sitio Web, de sus servicios y contenidos, debido a causas ajenas al control de HOTEL VICTORIA, S.L.<\/li>\n<li>acciones necesarias para llevar a cabo operaciones de mejora, mantenimiento o an\u00e1logas del Sitio Web.<\/li>\n<li>fallos o desconexiones en las redes de telecomunicaciones que interrumpan el servicio, as\u00ed como otras circunstancias acaecidas por caso fortuito o fuerza mayor.<\/li>\n<li>contenidos publicitarios u ofertas que pudiese albergar el Sitio Web, siendo los anunciantes u ofertantes los \u00fanicos responsables de asegurar que el material remitido para su inclusi\u00f3n en el Sitio Web cumple con la normativa legal aplicable. HOTEL VICTORIA, S.L. no ser\u00e1 responsable de cualquier error, inexactitud o irregularidad que puedan presentar dichos contenidos.<\/li>\n<li>informaci\u00f3n publicada en el Sitio Web, siempre que esta informaci\u00f3n haya estado manipulada o introducida por un tercero ajeno.<\/li>\n<li>errores de seguridad que puedan causarse en el sistema inform\u00e1tico del usuario (hardware y software), como consecuencia de la presencia de virus en el dispositivo del usuario utilizado para la conexi\u00f3n al Sitio Web.<\/li>\n<li>un uso del Sitio Web, de sus servicios y contenidos, il\u00edcito, negligente, fraudulento o contrario al presente Aviso Legal y condiciones de uso.<\/li>\n<li>el incumplimiento o la falta de licitud, cualidad, fiabilidad, utilidad y disponibilidad de los productos o servicios prestados por terceros y puestos a disposici\u00f3n de los usuarios a trav\u00e9s del Sitio Web.<\/li>\n<li>informaci\u00f3n y contenidos almacenados, a t\u00edtulo enunciativo y no limitativo, en f\u00f3rums, chats, blogs, redes sociales o cualquier otra plataforma que permita a usuarios y terceros publicar contenidos en el Sitio Web. Sin embargo, en virtud de los arts. 11 y 16 de la LSSICE, HOTEL VICTORIA, S.L. se pone a disposici\u00f3n de los \u00f3rganos competentes colaborando con ellos de forma activa en la retirada y, en su caso, el bloqueo de todos aquellos contenidos que atenten contra los principios recogidos en el art. 8 de la citada Ley. En caso de que el usuario considere que puede existir alg\u00fan contenido que pudiera ser susceptible de infringir el citado precepto legal, se ruega que lo notifique inmediatamente a HOTEL VICTORIA, S.L.<\/li>\n<\/ul>\n<p>El Sitio Web puede contener enlaces a otros sitios web e incorporar informaci\u00f3n o servicios de terceros, con objeto de facilitar el acceso del usuario a informaci\u00f3n de empresas colaboradoras. HOTEL VICTORIA, S.L. no ejerce control alguno sobre los mismos y no se responsabiliza de su contenido ni funcionamiento. HOTEL VICTORIA, S.L. \u00fanicamente ofrece al usuario dichos enlaces e informaci\u00f3n o servicios para su comodidad, siendo responsabilidad del mismo leer y aceptar las condiciones de uso y pol\u00edticas de privacidad publicados en los sitios web o aplicaciones vinculados.<\/p>\n<p>&nbsp;<\/p>\n<h5><strong><u>5.- PROTECCI\u00d3N DE DATOS PERSONALES<\/u><\/strong><\/h5>\n<p>&nbsp;<\/p>\n<p>HOTEL VICTORIA, S.L., en calidad de titular y responsable del presente Sitio Web, informa a todos los usuarios que hayan facilitado o tengan intenci\u00f3n de facilitar sus datos personales, que estos ser\u00e1n tratados por HOTEL VICTORIA, S.L. con arreglo a la normativa legal de referencia en materia de protecci\u00f3n de datos, esto es, el Reglamento (UE) 2016\/679 del Parlamento Europeo y del Consejo de 27 de abril de 2016 y la Ley Org\u00e1nica 3\/2018, de 5 de diciembre.<\/p>\n<p>A tal efecto, los datos personales de los usuarios ser\u00e1n tratados de conformidad con los principios de licitud, lealtad, transparencia, limitaci\u00f3n de la finalidad, minimizaci\u00f3n de datos, exactitud, integridad y confidencialidad, respetando al mismo tiempo el resto de obligaciones y garant\u00edas establecidas en la citada normativa legal.<\/p>\n<p>Para obtener m\u00e1s informaci\u00f3n sobre c\u00f3mo gestionamos los datos personales de nuestros usuarios, consulte nuestra Pol\u00edtica de Privacidad.<\/p>\n<p>&nbsp;<\/p>\n<h5><strong><u>6.- PROPIEDAD INDUSTRIAL E INTELECTUAL<\/u><\/strong><\/h5>\n<p>&nbsp;<\/p>\n<p>La totalidad de los contenidos del Sitio Web (textos, fotograf\u00edas, gr\u00e1ficos, im\u00e1genes, tecnolog\u00eda, software, links, contenidos audiovisuales, dise\u00f1o gr\u00e1fico, c\u00f3digo fuente, etc.), as\u00ed como las marcas y dem\u00e1s signos distintivos son propiedad de HOTEL VICTORIA, S.L. o de terceros, siendo estos los titulares de los correspondientes derechos de propiedad intelectual e industrial, no adquiriendo el usuario ninguna facultad sobre ellos por el mero acceso y uso del Sitio Web.<\/p>\n<p>Queda prohibida la utilizaci\u00f3n, reproducci\u00f3n, distribuci\u00f3n, comunicaci\u00f3n p\u00fablica y transformaci\u00f3n de los contenidos del Sitio Web de cualquier modo por parte del usuario, salvo en los casos contemplados legalmente o expresamente autorizados por HOTEL VICTORIA, S.L. En este sentido, se except\u00faa la explotaci\u00f3n de los contenidos que sea expresamente autorizada por HOTEL VICTORIA, S.L. a sus clientes o proveedores en virtud del correspondiente contrato, as\u00ed como el uso personal y privado de los contenidos de acceso libre y gratuito existentes en el Sitio Web.<\/p>\n<p>Cualquier uso de los contenidos del Sitio Web que incumpla la anterior obligaci\u00f3n, se considerar\u00e1 un incumplimiento grave de los derechos de propiedad intelectual o industrial de HOTEL VICTORIA, S.L. o de terceros, pudiendo ser denunciado y perseguido por todos los medios legales.<\/p>\n<p>A fin de poder realizar cualquier tipo de observaci\u00f3n respecto a posibles vulneraciones de los derechos de propiedad intelectual o industrial de HOTEL VICTORIA, S.L. o de sus leg\u00edtimos titulares, puede hacerlo a trav\u00e9s de la direcci\u00f3n de correo electr\u00f3nico info@hotelvictoria.cat.<\/p>\n<p>&nbsp;<\/p>\n<h5><strong><u>7.- LEY APLICABLE Y JURISDICCI\u00d3N<\/u><\/strong><\/h5>\n<p>&nbsp;<\/p>\n<p>El presente Aviso Legal se rige por la legislaci\u00f3n espa\u00f1ola, siendo competentes los juzgados y tribunales espa\u00f1oles para conocer de cuantas cuestiones se susciten sobre su interpretaci\u00f3n, aplicaci\u00f3n y cumplimiento. El usuario, en virtud de la aceptaci\u00f3n de las previsiones recogidas en este Aviso legal, renuncia expresamente a cualquier fuero distinto que por aplicaci\u00f3n de la Ley vigente pudiera corresponderle.<\/p>\n<p>No obstante, si el usuario presenta la condici\u00f3n de consumidor, las disposiciones del Aviso Legal estar\u00e1n igualmente sujetas a la correspondiente legislaci\u00f3n local aplicable, someti\u00e9ndose consecuentemente cualquier controversia a los tribunales competentes del domicilio del usuario.<\/p>\n","protected":false},"excerpt":{"rendered":"<p>Con la finalidad de dar cumplimiento al art\u00edculo 10 de la Ley 34\/2002 de Servicios de la Sociedad de la Informaci\u00f3n y del Comercio Electr\u00f3nico, informamos a los usuarios de nuestros datos: Denominaci\u00f3n Social: HOTEL VICTORIA, S.L. Domicilio Social: Ctra. Barcelona, 96\/98, 43882 Segur de Calafell (Tarragona) N.I.F.: B43100668 Direcci\u00f3n de correo electr\u00f3nico: info@hotelvictoria.cat Tel\u00e9fono: &hellip; <\/p>\n<p class=\"link-more\"><a href=\"https:\/\/www.hotelvictoria.cat\/ca\/avis-legal-2\/\" class=\"more-link\"><span class=\"screen-reader-text\"> prova &#8220;Av\u00eds Legal&#8221;<\/span><\/a><\/p>\n","protected":false},"author":2,"featured_media":0,"parent":0,"menu_order":0,"comment_status":"closed","ping_status":"closed","template":"","meta":{"footnotes":""},"yoast_head":"<!-- This site is optimized with the Yoast SEO plugin v21.2 - https:\/\/yoast.com\/wordpress\/plugins\/seo\/ -->\n<title>Av\u00eds Legal - Hotel Victoria<\/title>\n<meta name=\"robots\" content=\"index, follow, max-snippet:-1, max-image-preview:large, max-video-preview:-1\" \/>\n<link rel=\"canonical\" href=\"https:\/\/www.hotelvictoria.cat\/ca\/avis-legal-2\/\" \/>\n<meta property=\"og:locale\" content=\"ca_ES\" \/>\n<meta property=\"og:type\" content=\"article\" \/>\n<meta property=\"og:title\" content=\"Av\u00eds Legal - Hotel Victoria\" \/>\n<meta property=\"og:description\" content=\"Con la finalidad de dar cumplimiento al art\u00edculo 10 de la Ley 34\/2002 de Servicios de la Sociedad de la Informaci\u00f3n y del Comercio Electr\u00f3nico, informamos a los usuarios de nuestros datos: Denominaci\u00f3n Social: HOTEL VICTORIA, S.L. Domicilio Social: Ctra. Barcelona, 96\/98, 43882 Segur de Calafell (Tarragona) N.I.F.: B43100668 Direcci\u00f3n de correo electr\u00f3nico: info@hotelvictoria.cat Tel\u00e9fono: &hellip; prova &quot;Av\u00eds Legal&quot;\" \/>\n<meta property=\"og:url\" content=\"https:\/\/www.hotelvictoria.cat\/ca\/avis-legal-2\/\" \/>\n<meta property=\"og:site_name\" content=\"Hotel Victoria\" \/>\n<meta property=\"article:modified_time\" content=\"2021-04-19T15:38:05+00:00\" \/>\n<meta name=\"twitter:card\" content=\"summary_large_image\" \/>\n<meta name=\"twitter:label1\" content=\"Temps estimat de lectura\" \/>\n\t<meta name=\"twitter:data1\" content=\"10 minuts\" \/>\n<script type=\"application\/ld+json\" class=\"yoast-schema-graph\">{\"@context\":\"https:\/\/schema.org\",\"@graph\":[{\"@type\":\"WebPage\",\"@id\":\"https:\/\/www.hotelvictoria.cat\/ca\/avis-legal-2\/\",\"url\":\"https:\/\/www.hotelvictoria.cat\/ca\/avis-legal-2\/\",\"name\":\"Av\u00eds Legal - Hotel Victoria\",\"isPartOf\":{\"@id\":\"https:\/\/www.hotelvictoria.cat\/ca\/#website\"},\"datePublished\":\"2021-04-16T10:05:47+00:00\",\"dateModified\":\"2021-04-19T15:38:05+00:00\",\"breadcrumb\":{\"@id\":\"https:\/\/www.hotelvictoria.cat\/ca\/avis-legal-2\/#breadcrumb\"},\"inLanguage\":\"ca\",\"potentialAction\":[{\"@type\":\"ReadAction\",\"target\":[\"https:\/\/www.hotelvictoria.cat\/ca\/avis-legal-2\/\"]}]},{\"@type\":\"BreadcrumbList\",\"@id\":\"https:\/\/www.hotelvictoria.cat\/ca\/avis-legal-2\/#breadcrumb\",\"itemListElement\":[{\"@type\":\"ListItem\",\"position\":1,\"name\":\"Portada\",\"item\":\"https:\/\/www.hotelvictoria.cat\/ca\/\"},{\"@type\":\"ListItem\",\"position\":2,\"name\":\"Av\u00eds Legal\"}]},{\"@type\":\"WebSite\",\"@id\":\"https:\/\/www.hotelvictoria.cat\/ca\/#website\",\"url\":\"https:\/\/www.hotelvictoria.cat\/ca\/\",\"name\":\"Hotel Victoria\",\"description\":\"Hotel Familiar Calafell\",\"publisher\":{\"@id\":\"https:\/\/www.hotelvictoria.cat\/ca\/#organization\"},\"potentialAction\":[{\"@type\":\"SearchAction\",\"target\":{\"@type\":\"EntryPoint\",\"urlTemplate\":\"https:\/\/www.hotelvictoria.cat\/ca\/?s={search_term_string}\"},\"query-input\":\"required name=search_term_string\"}],\"inLanguage\":\"ca\"},{\"@type\":\"Organization\",\"@id\":\"https:\/\/www.hotelvictoria.cat\/ca\/#organization\",\"name\":\"Hotel Victoria\",\"url\":\"https:\/\/www.hotelvictoria.cat\/ca\/\",\"logo\":{\"@type\":\"ImageObject\",\"inLanguage\":\"ca\",\"@id\":\"https:\/\/www.hotelvictoria.cat\/ca\/#\/schema\/logo\/image\/\",\"url\":\"https:\/\/www.hotelvictoria.cat\/wp-content\/uploads\/2019\/02\/logo_hotel_Victoria_color_senbse_fons-petit-1.png\",\"contentUrl\":\"https:\/\/www.hotelvictoria.cat\/wp-content\/uploads\/2019\/02\/logo_hotel_Victoria_color_senbse_fons-petit-1.png\",\"width\":113,\"height\":102,\"caption\":\"Hotel Victoria\"},\"image\":{\"@id\":\"https:\/\/www.hotelvictoria.cat\/ca\/#\/schema\/logo\/image\/\"}}]}<\/script>\n<!-- \/ Yoast SEO plugin. -->","yoast_head_json":{"title":"Av\u00eds Legal - Hotel Victoria","robots":{"index":"index","follow":"follow","max-snippet":"max-snippet:-1","max-image-preview":"max-image-preview:large","max-video-preview":"max-video-preview:-1"},"canonical":"https:\/\/www.hotelvictoria.cat\/ca\/avis-legal-2\/","og_locale":"ca_ES","og_type":"article","og_title":"Av\u00eds Legal - Hotel Victoria","og_description":"Con la finalidad de dar cumplimiento al art\u00edculo 10 de la Ley 34\/2002 de Servicios de la Sociedad de la Informaci\u00f3n y del Comercio Electr\u00f3nico, informamos a los usuarios de nuestros datos: Denominaci\u00f3n Social: HOTEL VICTORIA, S.L. Domicilio Social: Ctra. Barcelona, 96\/98, 43882 Segur de Calafell (Tarragona) N.I.F.: B43100668 Direcci\u00f3n de correo electr\u00f3nico: info@hotelvictoria.cat Tel\u00e9fono: &hellip; prova \"Av\u00eds Legal\"","og_url":"https:\/\/www.hotelvictoria.cat\/ca\/avis-legal-2\/","og_site_name":"Hotel Victoria","article_modified_time":"2021-04-19T15:38:05+00:00","twitter_card":"summary_large_image","twitter_misc":{"Temps estimat de lectura":"10 minuts"},"schema":{"@context":"https:\/\/schema.org","@graph":[{"@type":"WebPage","@id":"https:\/\/www.hotelvictoria.cat\/ca\/avis-legal-2\/","url":"https:\/\/www.hotelvictoria.cat\/ca\/avis-legal-2\/","name":"Av\u00eds Legal - Hotel Victoria","isPartOf":{"@id":"https:\/\/www.hotelvictoria.cat\/ca\/#website"},"datePublished":"2021-04-16T10:05:47+00:00","dateModified":"2021-04-19T15:38:05+00:00","breadcrumb":{"@id":"https:\/\/www.hotelvictoria.cat\/ca\/avis-legal-2\/#breadcrumb"},"inLanguage":"ca","potentialAction":[{"@type":"ReadAction","target":["https:\/\/www.hotelvictoria.cat\/ca\/avis-legal-2\/"]}]},{"@type":"BreadcrumbList","@id":"https:\/\/www.hotelvictoria.cat\/ca\/avis-legal-2\/#breadcrumb","itemListElement":[{"@type":"ListItem","position":1,"name":"Portada","item":"https:\/\/www.hotelvictoria.cat\/ca\/"},{"@type":"ListItem","position":2,"name":"Av\u00eds Legal"}]},{"@type":"WebSite","@id":"https:\/\/www.hotelvictoria.cat\/ca\/#website","url":"https:\/\/www.hotelvictoria.cat\/ca\/","name":"Hotel Victoria","description":"Hotel Familiar Calafell","publisher":{"@id":"https:\/\/www.hotelvictoria.cat\/ca\/#organization"},"potentialAction":[{"@type":"SearchAction","target":{"@type":"EntryPoint","urlTemplate":"https:\/\/www.hotelvictoria.cat\/ca\/?s={search_term_string}"},"query-input":"required name=search_term_string"}],"inLanguage":"ca"},{"@type":"Organization","@id":"https:\/\/www.hotelvictoria.cat\/ca\/#organization","name":"Hotel Victoria","url":"https:\/\/www.hotelvictoria.cat\/ca\/","logo":{"@type":"ImageObject","inLanguage":"ca","@id":"https:\/\/www.hotelvictoria.cat\/ca\/#\/schema\/logo\/image\/","url":"https:\/\/www.hotelvictoria.cat\/wp-content\/uploads\/2019\/02\/logo_hotel_Victoria_color_senbse_fons-petit-1.png","contentUrl":"https:\/\/www.hotelvictoria.cat\/wp-content\/uploads\/2019\/02\/logo_hotel_Victoria_color_senbse_fons-petit-1.png","width":113,"height":102,"caption":"Hotel Victoria"},"image":{"@id":"https:\/\/www.hotelvictoria.cat\/ca\/#\/schema\/logo\/image\/"}}]}},"_links":{"self":[{"href":"https:\/\/www.hotelvictoria.cat\/ca\/wp-json\/wp\/v2\/pages\/3043"}],"collection":[{"href":"https:\/\/www.hotelvictoria.cat\/ca\/wp-json\/wp\/v2\/pages"}],"about":[{"href":"https:\/\/www.hotelvictoria.cat\/ca\/wp-json\/wp\/v2\/types\/page"}],"author":[{"embeddable":true,"href":"https:\/\/www.hotelvictoria.cat\/ca\/wp-json\/wp\/v2\/users\/2"}],"replies":[{"embeddable":true,"href":"https:\/\/www.hotelvictoria.cat\/ca\/wp-json\/wp\/v2\/comments?post=3043"}],"version-history":[{"count":0,"href":"https:\/\/www.hotelvictoria.cat\/ca\/wp-json\/wp\/v2\/pages\/3043\/revisions"}],"wp:attachment":[{"href":"https:\/\/www.hotelvictoria.cat\/ca\/wp-json\/wp\/v2\/media?parent=3043"}],"curies":[{"name":"wp","href":"https:\/\/api.w.org\/{rel}","templated":true}]}}